{"id":83767,"date":"2015-06-10T11:53:15","date_gmt":"2015-06-10T10:53:15","guid":{"rendered":"https:\/\/www.aprotec.fr\/retro-fahrzeuge\/"},"modified":"2025-07-29T10:41:25","modified_gmt":"2025-07-29T09:41:25","slug":"retro-fahrzeuge","status":"publish","type":"page","link":"https:\/\/www.aprotec.fr\/de\/retro-fahrzeuge\/","title":{"rendered":"Retro-Fahrzeuge"},"content":{"rendered":"<div id=\"pl-83767\"  class=\"panel-layout\" ><div id=\"pg-83767-0\"  class=\"panel-grid panel-no-style\" ><div id=\"pgc-83767-0-0\"  class=\"panel-grid-cell\" ><div id=\"panel-83767-0-0-0\" class=\"so-panel widget widget_sow-editor panel-first-child panel-last-child\" data-index=\"0\" ><div\n\t\t\t\n\t\t\tclass=\"so-widget-sow-editor so-widget-sow-editor-base\"\n\t\t\t\n\t\t>\n<div class=\"siteorigin-widget-tinymce textwidget\">\n\t<p>Nachdem APROTEC die industriellen und kommerziellen Anlagen von BRETILLE PISTON \u00fcbernommen hat, ist APROTEC heute der einzige Ansprechpartner auf dem franz\u00f6sischen Markt, der Ihnen ein so gro\u00dfes Sortiment anbieten kann, insbesondere Kolben f\u00fcr <strong>Oldtimer<\/strong> und <strong>Retro-Fahrzeuge<\/strong> (Auto, Motorrad...).<\/p>\n<p>Wir verf\u00fcgen \u00fcber einen umfangreichen Werkzeugpark, der f\u00fcr jeden Kolbentyp geeignet ist, so dass wir Teile liefern k\u00f6nnen, die dem Gewicht der damaligen Erstausr\u00fcstungsprodukte so nahe wie m\u00f6glich kommen. Wir k\u00f6nnen Ihnen auch dann ein Angebot unterbreiten, wenn Ihre Anfrage kein Serienprodukt auf Lager betrifft. Unsere Produktionsst\u00e4tten sind so strukturiert, dass wir Ihre St\u00fccke nach einem Plan oder einem Modell reproduzieren k\u00f6nnen, sei es f\u00fcr eine <strong>Renovierung<\/strong> oder eine <strong>Weiterentwicklung<\/strong> (Prototyp).<\/p>\n<p>Simca, Talbot, Renault, Citro\u00ebn, Peugeot, Alpine, Gordini, Matra... wo finden Sie die Motorenteile f\u00fcr diese Oldtimer, die vor oder nach dem Krieg gebaut wurden? Unser Verkaufsteam wird diese Suche f\u00fcr Sie durchf\u00fchren, f\u00fcr alle diese verschwundenen Retro-Fahrzeuge oder franz\u00f6sischen Marken. Die angebotenen Referenzen betreffen nat\u00fcrlich sowohl Serienfahrzeuge als auch solche, die den Ruf der Marken im VHC-Wettbewerb bis heute begr\u00fcndet haben.<\/p>\n<\/div>\n<\/div><\/div><\/div><div id=\"pgc-83767-0-1\"  class=\"panel-grid-cell\" ><div id=\"panel-83767-0-1-0\" class=\"so-panel widget widget_sow-image panel-first-child panel-last-child\" data-index=\"1\" ><div\n\t\t\t\n\t\t\tclass=\"so-widget-sow-image so-widget-sow-image-default-dbf295114b96-83767\"\n\t\t\t\n\t\t>\n<div class=\"sow-image-container\">\n\t\t<img \n\tsrc=\"https:\/\/www.aprotec.fr\/wp-content\/uploads\/2015\/06\/produit-retro_031.jpg\" width=\"481\" height=\"300\" srcset=\"https:\/\/www.aprotec.fr\/wp-content\/uploads\/2015\/06\/produit-retro_031.jpg 481w, https:\/\/www.aprotec.fr\/wp-content\/uploads\/2015\/06\/produit-retro_031-300x187.jpg 300w\" sizes=\"(max-width: 481px) 100vw, 481px\" title=\"produit-retro_03\" alt=\"\" \t\tclass=\"so-widget-image\"\/>\n\t<\/div>\n\n<\/div><\/div><\/div><\/div><\/div>","protected":false},"excerpt":{"rendered":"<p>Nachdem APROTEC die industriellen und kommerziellen Anlagen von BRETILLE PISTON \u00fcbernommen hat, ist APROTEC heute der einzige Ansprechpartner auf dem franz\u00f6sischen Markt, der Ihnen ein so gro\u00dfes Sortiment anbieten kann, insbesondere Kolben f\u00fcr Oldtimer und Retro-Fahrzeuge (Auto, Motorrad&#8230;).Wir verf\u00fcgen \u00fcber einen umfangreichen Werkzeugpark, der f\u00fcr jeden Kolbentyp geeignet ist, so dass wir Teile liefern k\u00f6nnen, [&hellip;]<\/p>\n","protected":false},"author":1,"featured_media":78364,"parent":0,"menu_order":0,"comment_status":"closed","ping_status":"closed","template":"","meta":{"_monsterinsights_skip_tracking":false,"_monsterinsights_sitenote_active":false,"_monsterinsights_sitenote_note":"","_monsterinsights_sitenote_category":0,"footnotes":""},"class_list":["post-83767","page","type-page","status-publish","has-post-thumbnail","hentry"],"_links":{"self":[{"href":"https:\/\/www.aprotec.fr\/de\/wp-json\/wp\/v2\/pages\/83767","targetHints":{"allow":["GET"]}}],"collection":[{"href":"https:\/\/www.aprotec.fr\/de\/wp-json\/wp\/v2\/pages"}],"about":[{"href":"https:\/\/www.aprotec.fr\/de\/wp-json\/wp\/v2\/types\/page"}],"author":[{"embeddable":true,"href":"https:\/\/www.aprotec.fr\/de\/wp-json\/wp\/v2\/users\/1"}],"replies":[{"embeddable":true,"href":"https:\/\/www.aprotec.fr\/de\/wp-json\/wp\/v2\/comments?post=83767"}],"version-history":[{"count":1,"href":"https:\/\/www.aprotec.fr\/de\/wp-json\/wp\/v2\/pages\/83767\/revisions"}],"predecessor-version":[{"id":94203,"href":"https:\/\/www.aprotec.fr\/de\/wp-json\/wp\/v2\/pages\/83767\/revisions\/94203"}],"wp:featuredmedia":[{"embeddable":true,"href":"https:\/\/www.aprotec.fr\/de\/wp-json\/wp\/v2\/media\/78364"}],"wp:attachment":[{"href":"https:\/\/www.aprotec.fr\/de\/wp-json\/wp\/v2\/media?parent=83767"}],"curies":[{"name":"wp","href":"https:\/\/api.w.org\/{rel}","templated":true}]}}