{"id":94210,"date":"2015-05-28T15:35:03","date_gmt":"2015-05-28T14:35:03","guid":{"rendered":"https:\/\/www.aprotec.fr\/unsere-geschichte\/"},"modified":"2015-05-28T15:35:03","modified_gmt":"2015-05-28T14:35:03","slug":"unsere-geschichte","status":"publish","type":"page","link":"https:\/\/www.aprotec.fr\/de\/unsere-geschichte\/","title":{"rendered":"Unsere Geschichte"},"content":{"rendered":"<h2>Es gibt immer eine L\u00f6sung f\u00fcr das Unauffindbare.<\/h2>\n<p>&#8222;Seit 1960 l\u00e4sst BRETILLE Piston das Herz Ihrer Auto- und Motorradmotoren h\u00f6her schlagen. Dank unserer Erfahrung mit Ma\u00dfanfertigungen sind wir heute die Referenz f\u00fcr Kolben, Kolbenringe, Ventile und zugeh\u00f6rige Teile.&#8220;<\/p>\n<h2>M\u00e4rz 2004: Gr\u00fcndung von APROTEC SARL<\/h2>\n<p>Ein Ziel: die \u00dcbernahme der in den 1950er Jahren gegr\u00fcndeten Marken BRETILLE Piston und FRANCE Piston. Bei dieser Gelegenheit erwirbt APROTEC France ein industrielles und kommerzielles Werkzeug, das \u00fcber mehr als ein halbes Jahrhundert Erfahrung in der Herstellung und dem Vertrieb von technischen Teilen verf\u00fcgt. <\/p>\n<p>Die Hauptaktivit\u00e4t ist die <strong>Herstellung<\/strong> von <strong>ma\u00dfgeschneiderten<\/strong> <strong>Kolben<\/strong>, <strong>Laufbuchsen<\/strong>, <strong>Ringen<\/strong> und <strong>Lagern<\/strong> f\u00fcr 2- und 4-Takt Diesel-, Benzin- oder Kompressormotoren.<\/p>\n<h2>2004: APROTEC France geht Allianzen ein.<\/h2>\n<p>Sehr schnell mussten wir die Produktionsst\u00e4tten neu dimensionieren und spezialisieren, um den Erwartungen unserer Kunden gerecht zu werden. So richteten wir in Grenoble eine Einheit f\u00fcr die <strong>Herstellung von Prototypen<\/strong> und <strong>Einzelst\u00fccken<\/strong> ein. Zur gleichen Zeit verlagerten wir unsere Hauptproduktion &#8211; <strong>Aluminiumguss<\/strong> und <strong>Bearbeitung<\/strong> von Kleinserien von 10 bis 250 St\u00fcck &#8211; zu unserem ersten Partner in Europa. Gleichzeitig wurde die gesamte Produktion f\u00fcr den Aftermarket und die Industrie an einen zweiten Partner \u00fcbertragen.   <\/p>\n<p>Diese beiden Allianzen haben sich seither immer weiter verst\u00e4rkt. Sehr schnell mussten wir uns mit mehreren Zulieferern umgeben, um die vielen Anfragen unserer Kunden zu erf\u00fcllen, die oft sehr spezialisierte Bereiche betrafen und spezifische Qualifikationen und Know-how erforderten, wie die Herstellung von Ventilen, Dichtungen, Nockenwellen oder auch Oberfl\u00e4chenbehandlung. <\/p>\n<h5><\/h5>\n","protected":false},"excerpt":{"rendered":"<p>Es gibt immer eine L\u00f6sung f\u00fcr das Unauffindbare. &#8222;Seit 1960 l\u00e4sst BRETILLE Piston das Herz Ihrer Auto- und Motorradmotoren h\u00f6her schlagen. Dank unserer Erfahrung mit Ma\u00dfanfertigungen sind wir heute die Referenz f\u00fcr Kolben, Kolbenringe, Ventile und zugeh\u00f6rige Teile.&#8220; M\u00e4rz 2004: Gr\u00fcndung von APROTEC SARL Ein Ziel: die \u00dcbernahme der in den 1950er Jahren gegr\u00fcndeten Marken [&hellip;]<\/p>\n","protected":false},"author":1,"featured_media":0,"parent":0,"menu_order":0,"comment_status":"closed","ping_status":"closed","template":"","meta":{"_monsterinsights_skip_tracking":false,"_monsterinsights_sitenote_active":false,"_monsterinsights_sitenote_note":"","_monsterinsights_sitenote_category":0,"footnotes":""},"class_list":["post-94210","page","type-page","status-publish","hentry"],"_links":{"self":[{"href":"https:\/\/www.aprotec.fr\/de\/wp-json\/wp\/v2\/pages\/94210","targetHints":{"allow":["GET"]}}],"collection":[{"href":"https:\/\/www.aprotec.fr\/de\/wp-json\/wp\/v2\/pages"}],"about":[{"href":"https:\/\/www.aprotec.fr\/de\/wp-json\/wp\/v2\/types\/page"}],"author":[{"embeddable":true,"href":"https:\/\/www.aprotec.fr\/de\/wp-json\/wp\/v2\/users\/1"}],"replies":[{"embeddable":true,"href":"https:\/\/www.aprotec.fr\/de\/wp-json\/wp\/v2\/comments?post=94210"}],"version-history":[{"count":0,"href":"https:\/\/www.aprotec.fr\/de\/wp-json\/wp\/v2\/pages\/94210\/revisions"}],"wp:attachment":[{"href":"https:\/\/www.aprotec.fr\/de\/wp-json\/wp\/v2\/media?parent=94210"}],"curies":[{"name":"wp","href":"https:\/\/api.w.org\/{rel}","templated":true}]}}