{"id":94261,"date":"2018-03-22T19:02:27","date_gmt":"2018-03-22T18:02:27","guid":{"rendered":"https:\/\/www.aprotec.fr\/unsere-produkte-fuer-den-wettbewerb-racing\/"},"modified":"2018-03-22T19:02:27","modified_gmt":"2018-03-22T18:02:27","slug":"unsere-produkte-fuer-den-wettbewerb-racing","status":"publish","type":"page","link":"https:\/\/www.aprotec.fr\/de\/unsere-produkte-fuer-den-wettbewerb-racing\/","title":{"rendered":"Unsere Produkte f\u00fcr den Wettbewerb &#8211; Racing"},"content":{"rendered":"<div id=\"pl-94261\"  class=\"panel-layout\" ><div id=\"pg-94261-0\"  class=\"panel-grid panel-no-style\" ><div id=\"pgc-94261-0-0\"  class=\"panel-grid-cell\" ><div id=\"panel-94261-0-0-0\" class=\"so-panel widget widget_sow-editor panel-first-child panel-last-child\" data-index=\"0\" ><div\n\t\t\t\n\t\t\tclass=\"so-widget-sow-editor so-widget-sow-editor-base\"\n\t\t\t\n\t\t>\n<div class=\"siteorigin-widget-tinymce textwidget\">\n\t<h1>Unser Angebot an V.H.-Paketen<\/h1>\n<h2>\"Historische Fahrzeuge\".<\/h2>\n<p><strong><img loading=\"lazy\" decoding=\"async\" class=\"aligncenter wp-image-2519 size-full\" src=\"\/wp-content\/uploads\/2018\/03\/Renault_Alpine.png\" alt=\"Renault_Alpine\" width=\"486\" height=\"264\" srcset=\"https:\/\/www.aprotec.fr\/wp-content\/uploads\/2018\/03\/Renault_Alpine.png 486w, https:\/\/www.aprotec.fr\/wp-content\/uploads\/2018\/03\/Renault_Alpine-300x163.png 300w\" sizes=\"auto, (max-width: 486px) 100vw, 486px\" \/><\/strong><\/p>\n<p><strong>Unser Angebot an V.H.-Komponenten \" \". Historische Fahrzeuge\" mit Kolben und Buchsen komplett (Bolzen, Clips und Ringe) unter der Vertriebsmarke ALCRON SPORT Evolution Sortiment Gussaluminium-Kolben und Std.-Gussbuchsen, in der Regel f\u00fcr einen \"Original\"-Zusammenbau.<\/strong><br \/>Wird in einer speziellen Verpackung f\u00fcr diese Handelsmarke geliefert.<\/p>\n<\/div>\n<\/div><\/div><\/div><div id=\"pgc-94261-0-1\"  class=\"panel-grid-cell\" ><div id=\"panel-94261-0-1-0\" class=\"so-panel widget widget_sow-editor panel-first-child panel-last-child\" data-index=\"1\" ><div\n\t\t\t\n\t\t\tclass=\"so-widget-sow-editor so-widget-sow-editor-base\"\n\t\t\t\n\t\t>\n<div class=\"siteorigin-widget-tinymce textwidget\">\n\t<h1>Unser Angebot an V.H.C.-Paketen<\/h1>\n<h2>\"Historische Rennfahrzeuge\".<\/h2>\n<p><img loading=\"lazy\" decoding=\"async\" class=\"aligncenter wp-image-2522\" src=\"\/wp-content\/uploads\/2018\/03\/shutterstock_321421238.png\" alt=\"shutterstock_321421238\" width=\"600\" height=\"168\" srcset=\"https:\/\/www.aprotec.fr\/wp-content\/uploads\/2018\/03\/shutterstock_321421238.png 486w, https:\/\/www.aprotec.fr\/wp-content\/uploads\/2018\/03\/shutterstock_321421238-300x84.png 300w\" sizes=\"auto, (max-width: 600px) 100vw, 600px\" \/><\/p>\n<p><strong>Die Produktreihe V.H.C. \"V\u00e9hicules Historiques Comp\u00e9tition\" Schmiedekolben unter der Marke ALCRON SPORT Racing, 100% franz\u00f6sisch, geschmiedete Aluminiumkolben und GS-Gussbuchsen, normalerweise f\u00fcr den sogenannten \"Racing\"-Aufzug.  <\/strong><\/p>\n<p>Die Lieferung erfolgt in einer markenspezifischen Schachtel. In der Racing-Reihe sind GS-Gussbuchsen (Din GGG70) f\u00fcr Blockbuchsen oder Blockbuchsen in der Produktion verf\u00fcgbar. Die Anwendungen sind f\u00fcr alle Arten von Atmosph\u00e4ren- und Turbomotoren, speziell f\u00fcr Hochleistungsmotoren. <\/p>\n<p>Wir produzieren diese Laufbuchsen auch f\u00fcr den Einbau in Motorbl\u00f6cke aller Arten von HV- und VHC-Motoren oder zeitgen\u00f6ssischen Motoren. Wir haben auch den Einbau dieser GS-Laufbuchsen in spezielle Bl\u00f6cke entwickelt, z.B. in die Motorbl\u00f6cke PEUGEOT XU10J4S S2000, die R5 Turbo-Motoren, die mehrfachen franz\u00f6sischen Meister und Bergrennfahrer. <\/p>\n<\/div>\n<\/div><\/div><\/div><\/div><\/div>","protected":false},"excerpt":{"rendered":"<p>Unser Angebot an V.H.-Paketen&#8220;Historische Fahrzeuge&#8220;.Unser Angebot an V.H.-Komponenten &#8220; &#8222;. Historische Fahrzeuge&#8220; mit Kolben und Buchsen komplett (Bolzen, Clips und Ringe) unter der Vertriebsmarke ALCRON SPORT Evolution Sortiment Gussaluminium-Kolben und Std.-Gussbuchsen, in der Regel f\u00fcr einen &#8222;Original&#8220;-Zusammenbau.Wird in einer speziellen Verpackung f\u00fcr diese Handelsmarke geliefert. Unser Angebot an V.H.C.-Paketen&#8220;Historische Rennfahrzeuge&#8220;.Die Produktreihe V.H.C. &#8222;V\u00e9hicules Historiques Comp\u00e9tition&#8220; [&hellip;]<\/p>\n","protected":false},"author":1,"featured_media":0,"parent":0,"menu_order":0,"comment_status":"closed","ping_status":"closed","template":"competition-product-search.php","meta":{"_monsterinsights_skip_tracking":false,"_monsterinsights_sitenote_active":false,"_monsterinsights_sitenote_note":"","_monsterinsights_sitenote_category":0,"footnotes":""},"class_list":["post-94261","page","type-page","status-publish","hentry"],"_links":{"self":[{"href":"https:\/\/www.aprotec.fr\/de\/wp-json\/wp\/v2\/pages\/94261","targetHints":{"allow":["GET"]}}],"collection":[{"href":"https:\/\/www.aprotec.fr\/de\/wp-json\/wp\/v2\/pages"}],"about":[{"href":"https:\/\/www.aprotec.fr\/de\/wp-json\/wp\/v2\/types\/page"}],"author":[{"embeddable":true,"href":"https:\/\/www.aprotec.fr\/de\/wp-json\/wp\/v2\/users\/1"}],"replies":[{"embeddable":true,"href":"https:\/\/www.aprotec.fr\/de\/wp-json\/wp\/v2\/comments?post=94261"}],"version-history":[{"count":0,"href":"https:\/\/www.aprotec.fr\/de\/wp-json\/wp\/v2\/pages\/94261\/revisions"}],"wp:attachment":[{"href":"https:\/\/www.aprotec.fr\/de\/wp-json\/wp\/v2\/media?parent=94261"}],"curies":[{"name":"wp","href":"https:\/\/api.w.org\/{rel}","templated":true}]}}