{"id":95167,"date":"2015-05-28T15:35:14","date_gmt":"2015-05-28T14:35:14","guid":{"rendered":"https:\/\/www.aprotec.fr\/unsere-produkte\/"},"modified":"2015-05-28T15:35:14","modified_gmt":"2015-05-28T14:35:14","slug":"unsere-produkte","status":"publish","type":"page","link":"https:\/\/www.aprotec.fr\/de\/unsere-produkte\/","title":{"rendered":"Unsere Produkte"},"content":{"rendered":"<p>F\u00fcr alle unsere Produkte k\u00f6nnen wir Ihnen Referenzen f\u00fcr aktuelle Montagen oder Neuanfertigungen nach Modell, Zeichnung oder Spezifikation anbieten, insbesondere f\u00fcr \u00e4ltere Motoren. Unsere Fabriken verf\u00fcgen \u00fcber die neuesten Technologien, um Ihren Anforderungen gerecht zu werden, wobei die Qualit\u00e4t stets im Vordergrund steht. <\/p>\n","protected":false},"excerpt":{"rendered":"<p>F\u00fcr alle unsere Produkte k\u00f6nnen wir Ihnen Referenzen f\u00fcr aktuelle Montagen oder Neuanfertigungen nach Modell, Zeichnung oder Spezifikation anbieten, insbesondere f\u00fcr \u00e4ltere Motoren. Unsere Fabriken verf\u00fcgen \u00fcber die neuesten Technologien, um Ihren Anforderungen gerecht zu werden, wobei die Qualit\u00e4t stets im Vordergrund steht.<\/p>\n","protected":false},"author":1,"featured_media":0,"parent":0,"menu_order":0,"comment_status":"closed","ping_status":"closed","template":"","meta":{"_monsterinsights_skip_tracking":false,"_monsterinsights_sitenote_active":false,"_monsterinsights_sitenote_note":"","_monsterinsights_sitenote_category":0,"footnotes":""},"class_list":["post-95167","page","type-page","status-publish","hentry"],"_links":{"self":[{"href":"https:\/\/www.aprotec.fr\/de\/wp-json\/wp\/v2\/pages\/95167","targetHints":{"allow":["GET"]}}],"collection":[{"href":"https:\/\/www.aprotec.fr\/de\/wp-json\/wp\/v2\/pages"}],"about":[{"href":"https:\/\/www.aprotec.fr\/de\/wp-json\/wp\/v2\/types\/page"}],"author":[{"embeddable":true,"href":"https:\/\/www.aprotec.fr\/de\/wp-json\/wp\/v2\/users\/1"}],"replies":[{"embeddable":true,"href":"https:\/\/www.aprotec.fr\/de\/wp-json\/wp\/v2\/comments?post=95167"}],"version-history":[{"count":0,"href":"https:\/\/www.aprotec.fr\/de\/wp-json\/wp\/v2\/pages\/95167\/revisions"}],"wp:attachment":[{"href":"https:\/\/www.aprotec.fr\/de\/wp-json\/wp\/v2\/media?parent=95167"}],"curies":[{"name":"wp","href":"https:\/\/api.w.org\/{rel}","templated":true}]}}