{"id":82063,"date":"2015-06-10T11:53:15","date_gmt":"2015-06-10T10:53:15","guid":{"rendered":"https:\/\/www.aprotec.fr\/vehiculos-retro\/"},"modified":"2025-07-29T10:36:18","modified_gmt":"2025-07-29T09:36:18","slug":"vehiculos-retro","status":"publish","type":"page","link":"https:\/\/www.aprotec.fr\/es\/vehiculos-retro\/","title":{"rendered":"Veh\u00edculos retro"},"content":{"rendered":"<div id=\"pl-82063\"  class=\"panel-layout\" ><div id=\"pg-82063-0\"  class=\"panel-grid panel-no-style\" ><div id=\"pgc-82063-0-0\"  class=\"panel-grid-cell\" ><div id=\"panel-82063-0-0-0\" class=\"so-panel widget widget_sow-editor panel-first-child panel-last-child\" data-index=\"0\" ><div\n\t\t\t\n\t\t\tclass=\"so-widget-sow-editor so-widget-sow-editor-base\"\n\t\t\t\n\t\t>\n<div class=\"siteorigin-widget-tinymce textwidget\">\n\t<p>Al haber adquirido las instalaciones industriales y comerciales de BRETILLE PISTON, APROTEC es ahora la \u00fanica empresa del mercado franc\u00e9s capaz de ofrecerte una gama tan amplia, en particular de pistones para <strong>coches cl\u00e1sicos<\/strong> y <strong>veh\u00edculos retro<\/strong> (coches, motos, etc.).<\/p>\n<p>Con una enorme gama de utillajes adaptados a cada tipo de pist\u00f3n, podemos suministrar piezas lo m\u00e1s pr\u00f3ximas posible al peso de los productos de equipo original. Podemos hacerte una propuesta aunque tu solicitud no se refiera a un producto est\u00e1ndar en stock. De hecho, nuestras unidades de producci\u00f3n se han estructurado para poder reproducir tus piezas seg\u00fan un plano o modelo, ya sea para <strong>renovaci\u00f3n<\/strong> o <strong>desarrollo<\/strong> (prototipo).<\/p>\n<p>Simca, Talbot, Renault, Citro\u00ebn, Peugeot, Alpine, Gordini, Matra... \u00bfd\u00f3nde puedes encontrar piezas de motor para estos coches cl\u00e1sicos fabricados antes o despu\u00e9s de la guerra? Nuestro equipo de ventas realizar\u00e1 estas b\u00fasquedas por ti, para todos estos veh\u00edculos retro o marcas francesas desaparecidas. Por supuesto, las referencias que se ofrecen abarcan tanto los veh\u00edculos de serie como los que han dado a conocer las marcas en la competici\u00f3n VHC hasta la fecha.<\/p>\n<\/div>\n<\/div><\/div><\/div><div id=\"pgc-82063-0-1\"  class=\"panel-grid-cell\" ><div id=\"panel-82063-0-1-0\" class=\"so-panel widget widget_sow-image panel-first-child panel-last-child\" data-index=\"1\" ><div\n\t\t\t\n\t\t\tclass=\"so-widget-sow-image so-widget-sow-image-default-dbf295114b96-82063\"\n\t\t\t\n\t\t>\n<div class=\"sow-image-container\">\n\t\t<img \n\tsrc=\"https:\/\/www.aprotec.fr\/wp-content\/uploads\/2015\/06\/produit-retro_031.jpg\" width=\"481\" height=\"300\" srcset=\"https:\/\/www.aprotec.fr\/wp-content\/uploads\/2015\/06\/produit-retro_031.jpg 481w, https:\/\/www.aprotec.fr\/wp-content\/uploads\/2015\/06\/produit-retro_031-300x187.jpg 300w\" sizes=\"(max-width: 481px) 100vw, 481px\" title=\"produit-retro_03\" alt=\"\" \t\tclass=\"so-widget-image\"\/>\n\t<\/div>\n\n<\/div><\/div><\/div><\/div><\/div>","protected":false},"excerpt":{"rendered":"<p>Al haber adquirido las instalaciones industriales y comerciales de BRETILLE PISTON, APROTEC es ahora la \u00fanica empresa del mercado franc\u00e9s capaz de ofrecerte una gama tan amplia, en particular de pistones para coches cl\u00e1sicos y veh\u00edculos retro (coches, motos, etc.).Con una enorme gama de utillajes adaptados a cada tipo de pist\u00f3n, podemos suministrar piezas lo [&hellip;]<\/p>\n","protected":false},"author":1,"featured_media":78366,"parent":0,"menu_order":0,"comment_status":"closed","ping_status":"closed","template":"","meta":{"_monsterinsights_skip_tracking":false,"_monsterinsights_sitenote_active":false,"_monsterinsights_sitenote_note":"","_monsterinsights_sitenote_category":0,"footnotes":""},"class_list":["post-82063","page","type-page","status-publish","has-post-thumbnail","hentry"],"_links":{"self":[{"href":"https:\/\/www.aprotec.fr\/es\/wp-json\/wp\/v2\/pages\/82063","targetHints":{"allow":["GET"]}}],"collection":[{"href":"https:\/\/www.aprotec.fr\/es\/wp-json\/wp\/v2\/pages"}],"about":[{"href":"https:\/\/www.aprotec.fr\/es\/wp-json\/wp\/v2\/types\/page"}],"author":[{"embeddable":true,"href":"https:\/\/www.aprotec.fr\/es\/wp-json\/wp\/v2\/users\/1"}],"replies":[{"embeddable":true,"href":"https:\/\/www.aprotec.fr\/es\/wp-json\/wp\/v2\/comments?post=82063"}],"version-history":[{"count":1,"href":"https:\/\/www.aprotec.fr\/es\/wp-json\/wp\/v2\/pages\/82063\/revisions"}],"predecessor-version":[{"id":83765,"href":"https:\/\/www.aprotec.fr\/es\/wp-json\/wp\/v2\/pages\/82063\/revisions\/83765"}],"wp:featuredmedia":[{"embeddable":true,"href":"https:\/\/www.aprotec.fr\/es\/wp-json\/wp\/v2\/media\/78366"}],"wp:attachment":[{"href":"https:\/\/www.aprotec.fr\/es\/wp-json\/wp\/v2\/media?parent=82063"}],"curies":[{"name":"wp","href":"https:\/\/api.w.org\/{rel}","templated":true}]}}