{"id":94212,"date":"2015-05-28T15:35:03","date_gmt":"2015-05-28T14:35:03","guid":{"rendered":"https:\/\/www.aprotec.fr\/nuestra-historia\/"},"modified":"2015-05-28T15:35:03","modified_gmt":"2015-05-28T14:35:03","slug":"nuestra-historia","status":"publish","type":"page","link":"https:\/\/www.aprotec.fr\/es\/nuestra-historia\/","title":{"rendered":"Nuestra historia"},"content":{"rendered":"<h2>Siempre hay una soluci\u00f3n para lo incontestable<\/h2>\n<p>\u00abDesde 1960, BRETILLE Piston hace latir m\u00e1s r\u00e1pido el coraz\u00f3n de tus motores de coche y moto. Gracias a nuestro saber hacer a medida, hoy somos la referencia en pistones, segmentos, v\u00e1lvulas y piezas afines.<\/p>\n<h2>Marzo de 2004: creaci\u00f3n de APROTEC SARL<\/h2>\n<p>Un objetivo: hacerse con las marcas BRETILLE Piston y FRANCE Piston, creadas en los a\u00f1os 50. En esta ocasi\u00f3n, APROTEC Francia adquiere una herramienta industrial y comercial con algo m\u00e1s de medio siglo de experiencia en la producci\u00f3n y distribuci\u00f3n de piezas t\u00e9cnicas. <\/p>\n<p>Nuestra actividad principal es la <strong>fabricaci\u00f3n a medida<\/strong> de <strong>pistones<\/strong>, <strong>camisas<\/strong>, <strong>segmentos<\/strong> y <strong>cojinetes<\/strong> para motores di\u00e9sel de 2 y 4 tiempos, gasolina y compresores.<\/p>\n<h2>2004: APROTEC Francia forja alianzas<\/h2>\n<p>Muy r\u00e1pidamente, tuvimos que redimensionar nuestras unidades de producci\u00f3n y especializarlas para responder a las expectativas de nuestros clientes. As\u00ed que creamos una unidad en Grenoble dedicada a la <strong>fabricaci\u00f3n de prototipos<\/strong> y <strong>piezas \u00fanicas<\/strong>. Al mismo tiempo, transferimos nuestras principales actividades de producci\u00f3n <strong>-fundici\u00f3n de aluminio<\/strong> y <strong>mecanizado<\/strong> de peque\u00f1as series de 10 a 250 piezas- a nuestro primer socio en Europa. Al mismo tiempo, toda la producci\u00f3n para el mercado posventa y la industria se ha confiado a un segundo socio.   <\/p>\n<p>Desde entonces, estas dos alianzas han ido viento en popa. Muy pronto, tuvimos que rodearnos de varios subcontratistas para responder a las m\u00faltiples exigencias de nuestros clientes, a menudo en \u00e1mbitos muy especializados que requer\u00edan competencias y conocimientos espec\u00edficos, como la fabricaci\u00f3n de v\u00e1lvulas, juntas, \u00e1rboles de levas o tratamiento de superficies. <\/p>\n<h5><\/h5>\n","protected":false},"excerpt":{"rendered":"<p>Siempre hay una soluci\u00f3n para lo incontestable \u00abDesde 1960, BRETILLE Piston hace latir m\u00e1s r\u00e1pido el coraz\u00f3n de tus motores de coche y moto. Gracias a nuestro saber hacer a medida, hoy somos la referencia en pistones, segmentos, v\u00e1lvulas y piezas afines. Marzo de 2004: creaci\u00f3n de APROTEC SARL Un objetivo: hacerse con las marcas [&hellip;]<\/p>\n","protected":false},"author":1,"featured_media":0,"parent":0,"menu_order":0,"comment_status":"closed","ping_status":"closed","template":"","meta":{"_monsterinsights_skip_tracking":false,"_monsterinsights_sitenote_active":false,"_monsterinsights_sitenote_note":"","_monsterinsights_sitenote_category":0,"footnotes":""},"class_list":["post-94212","page","type-page","status-publish","hentry"],"_links":{"self":[{"href":"https:\/\/www.aprotec.fr\/es\/wp-json\/wp\/v2\/pages\/94212","targetHints":{"allow":["GET"]}}],"collection":[{"href":"https:\/\/www.aprotec.fr\/es\/wp-json\/wp\/v2\/pages"}],"about":[{"href":"https:\/\/www.aprotec.fr\/es\/wp-json\/wp\/v2\/types\/page"}],"author":[{"embeddable":true,"href":"https:\/\/www.aprotec.fr\/es\/wp-json\/wp\/v2\/users\/1"}],"replies":[{"embeddable":true,"href":"https:\/\/www.aprotec.fr\/es\/wp-json\/wp\/v2\/comments?post=94212"}],"version-history":[{"count":0,"href":"https:\/\/www.aprotec.fr\/es\/wp-json\/wp\/v2\/pages\/94212\/revisions"}],"wp:attachment":[{"href":"https:\/\/www.aprotec.fr\/es\/wp-json\/wp\/v2\/media?parent=94212"}],"curies":[{"name":"wp","href":"https:\/\/api.w.org\/{rel}","templated":true}]}}