{"id":94233,"date":"2015-06-08T16:09:22","date_gmt":"2015-06-08T15:09:22","guid":{"rendered":"https:\/\/www.aprotec.fr\/ponte-en-contacto-con\/"},"modified":"2015-06-08T16:09:22","modified_gmt":"2015-06-08T15:09:22","slug":"ponte-en-contacto-con","status":"publish","type":"page","link":"https:\/\/www.aprotec.fr\/es\/ponte-en-contacto-con\/","title":{"rendered":"Ponte en contacto con"},"content":{"rendered":"<div id=\"pl-94233\"  class=\"panel-layout\" ><div id=\"pg-94233-0\"  class=\"panel-grid panel-no-style\" ><div id=\"pgc-94233-0-0\"  class=\"panel-grid-cell\" ><div id=\"panel-94233-0-0-0\" class=\"so-panel widget widget_text panel-first-child panel-last-child\" data-index=\"0\" >\t\t\t<div class=\"textwidget\"><p>Todos los campos marcados con * son obligatorios.<\/p>\n<\/div>\n\t\t<\/div><\/div><\/div><div id=\"pg-94233-1\"  class=\"panel-grid panel-no-style\" ><div id=\"pgc-94233-1-0\"  class=\"panel-grid-cell\" ><div id=\"panel-94233-1-0-0\" class=\"so-panel widget widget_text panel-first-child panel-last-child\" data-index=\"1\" >\t\t\t<div class=\"textwidget\"><div role=\"form\" class=\"wpcf7\" id=\"wpcf7-f94234-o1\" lang=\"es-ES\" dir=\"ltr\">\n<div class=\"screen-reader-response\"><\/div>\n<form action=\"\/es\/wp-json\/wp\/v2\/pages\/94233#wpcf7-f94234-o1\" method=\"post\" class=\"wpcf7-form\" enctype=\"multipart\/form-data\" novalidate=\"novalidate\">\n<div style=\"display: none;\">\n<input type=\"hidden\" name=\"_wpcf7\" value=\"94234\" \/>\n<input type=\"hidden\" name=\"_wpcf7_version\" value=\"4.7\" \/>\n<input type=\"hidden\" name=\"_wpcf7_locale\" value=\"es_ES\" \/>\n<input type=\"hidden\" name=\"_wpcf7_unit_tag\" value=\"wpcf7-f94234-o1\" \/>\n<input type=\"hidden\" name=\"_wpnonce\" value=\"92627497fa\" \/>\n<\/div>\n<div id=\"form-container\">\n<div class=\"first-part-form left w33 pr3 min-w-230\">\n<div class=\"input\"><label>Eres*<\/label><span class=\"wpcf7-form-control-wrap menu-status\"><select name=\"menu-status\" class=\"wpcf7-form-control wpcf7-select wpcf7-validates-as-required\" id=\"statut-field\" aria-required=\"true\" aria-invalid=\"false\"><option value=\"Individual\">Individual<\/option><option value=\"Profesional\">Profesional<\/option><\/select><\/span><\/div>\n<div class=\"input field-wrapper\"><label>Nombre de la empresa<\/label><span class=\"wpcf7-form-control-wrap nom-societe\"><input type=\"text\" name=\"nom-societe\" value=\"\" size=\"40\" class=\"wpcf7-form-control wpcf7-text\" id=\"nom-societe\" aria-invalid=\"false\" \/><\/span><\/div>\n<div class=\"input field-wrapper\"><label>NIF IVA<\/label><span class=\"wpcf7-form-control-wrap num-tva\"><input type=\"number\" name=\"num-tva\" value=\"\" class=\"wpcf7-form-control wpcf7-number wpcf7-validates-as-number\" id=\"num-tva\" aria-invalid=\"false\" \/><\/span><\/div>\n<div class=\"input\"><label>Estado civil<\/label><span class=\"wpcf7-form-control-wrap radio-civilite\"><span class=\"wpcf7-form-control wpcf7-radio\"><span class=\"wpcf7-list-item first\"><input type=\"radio\" name=\"radio-civilite\" value=\"Sr.\" \/><span class=\"wpcf7-list-item-label\">Sr.<\/span><\/span><span class=\"wpcf7-list-item\"><input type=\"radio\" name=\"radio-civilite\" value=\"Sra.\" \/><span class=\"wpcf7-list-item-label\">Sra.<\/span><\/span><span class=\"wpcf7-list-item last\"><input type=\"radio\" name=\"radio-civilite\" value=\"Sra.\" \/><span class=\"wpcf7-list-item-label\">Sra.<\/span><\/span><\/span><\/span><\/div>\n<div class=\"input\"><label>Nombre<\/label><span class=\"wpcf7-form-control-wrap your-name\"><input type=\"text\" name=\"your-name\" value=\"\" size=\"40\" class=\"wpcf7-form-control wpcf7-text wpcf7-validates-as-required\" aria-required=\"true\" aria-invalid=\"false\" \/><\/span><\/div>\n<div class=\"input\"><label>Nombre<\/label><span class=\"wpcf7-form-control-wrap your-prenom\"><input type=\"text\" name=\"your-prenom\" value=\"\" size=\"40\" class=\"wpcf7-form-control wpcf7-text wpcf7-validates-as-required\" aria-required=\"true\" aria-invalid=\"false\" \/><\/span><\/div>\n<div class=\"input\"><label>N\u00famero de tel\u00e9fono<\/label><span class=\"wpcf7-form-control-wrap telephone\"><input type=\"tel\" name=\"telephone\" value=\"\" size=\"40\" class=\"wpcf7-form-control wpcf7-text wpcf7-tel wpcf7-validates-as-required wpcf7-validates-as-tel\" aria-required=\"true\" aria-invalid=\"false\" \/><\/span><\/div>\n<div class=\"input\"><label>Direcci\u00f3n<\/label><span class=\"wpcf7-form-control-wrap your-adresse\"><input type=\"text\" name=\"your-adresse\" value=\"\" size=\"40\" class=\"wpcf7-form-control wpcf7-text wpcf7-validates-as-required\" aria-required=\"true\" aria-invalid=\"false\" \/><\/span><\/div>\n<div class=\"input\"><label>C\u00f3digo postal<\/label> <span class=\"wpcf7-form-control-wrap your-cp\"><input type=\"text\" name=\"your-cp\" value=\"\" size=\"40\" class=\"wpcf7-form-control wpcf7-text wpcf7-validates-as-required\" aria-required=\"true\" aria-invalid=\"false\" \/><\/span><\/div>\n<div class=\"input\"><label>Ciudad<\/label><span class=\"wpcf7-form-control-wrap your-ville\"><input type=\"text\" name=\"your-ville\" value=\"\" size=\"40\" class=\"wpcf7-form-control wpcf7-text wpcf7-validates-as-required\" aria-required=\"true\" aria-invalid=\"false\" \/><\/span><\/div>\n<div class=\"input\"><label>Pa\u00eds *<\/label><span class=\"wpcf7-form-control-wrap pays\"><input type=\"text\" name=\"pays\" value=\"\" size=\"40\" class=\"wpcf7-form-control wpcf7-text wpcf7-validates-as-required\" aria-required=\"true\" aria-invalid=\"false\" \/><\/span><\/div>\n<div class=\"input\"><label>Direcci\u00f3n de correo electr\u00f3nico<\/label><span class=\"wpcf7-form-control-wrap your-email\"><input type=\"email\" name=\"your-email\" value=\"\" size=\"40\" class=\"wpcf7-form-control wpcf7-text wpcf7-email wpcf7-validates-as-required wpcf7-validates-as-email\" aria-required=\"true\" aria-invalid=\"false\" \/><\/span><\/div>\n<div class=\"input\"><label>Si lo deseas, puedes adjuntar un plano o documento para una mejor comprensi\u00f3n.  <br>Formatos aceptados: jpg,pdf,doc,odt,csv,xlxls. Tama\u00f1o m\u00e1ximo : 4mo <\/label><span class=\"wpcf7-form-control-wrap fichier\"><input type=\"file\" name=\"fichier\" size=\"40\" class=\"wpcf7-form-control wpcf7-file\" aria-invalid=\"false\" \/><\/span><\/div>\n<\/div>\n<div class=\"second-part-form left w33 min-w-230\">\n    <span class=\"wpcf7-form-control-wrap your-message\"><textarea name=\"your-message\" cols=\"40\" rows=\"10\" class=\"wpcf7-form-control wpcf7-textarea\" aria-invalid=\"false\" placeholder=\"Tu mensaje\"><\/textarea><\/span><\/p>\n<div class=\"rgpd\"><span class=\"wpcf7-form-control-wrap validation-rgpd\"><input type=\"checkbox\" name=\"validation-rgpd\" value=\"1\" class=\"wpcf7-form-control wpcf7-acceptance\" aria-invalid=\"false\" \/><\/span> <label class=\"label-rgpd\">Al marcar esta casilla, reconoces que has le\u00eddo nuestra <u><a target=\"_blank\" href=\"\/politique-de-confidentialite\/\">pol\u00edtica de privacidad<\/a><\/u> y aceptas compartir tus datos personales con Aprotec.<\/label><\/div>\n<div class=\"wpcf7-form-control-wrap\"><div data-sitekey=\"6LcS8YEbAAAAAB1hMdNBb4ETCIvv-YqNigW973mR\" class=\"wpcf7-form-control g-recaptcha wpcf7-recaptcha\"><\/div>\n<noscript>\n\t<div style=\"width: 302px; height: 422px;\">\n\t\t<div style=\"width: 302px; height: 422px; position: relative;\">\n\t\t\t<div style=\"width: 302px; height: 422px; position: absolute;\">\n\t\t\t\t<iframe src=\"https:\/\/www.google.com\/recaptcha\/api\/fallback?k=6LcS8YEbAAAAAB1hMdNBb4ETCIvv-YqNigW973mR\" frameborder=\"0\" scrolling=\"no\" style=\"width:100%; height:422px; border-style: none;\">\n\t\t\t\t<\/iframe>\n\t\t\t<\/div>\n\t\t\t<div style=\"width: 300px; height: 60px; border-style: none; bottom: 12px; left: 25px; margin: 0px; padding: 0px; right: 25px; background: #f9f9f9; border: 1px solid #c1c1c1; border-radius: 3px;\">\n\t\t\t\t<textarea id=\"g-recaptcha-response\" name=\"g-recaptcha-response\" class=\"g-recaptcha-response\" style=\"width: 250px; height: 40px; border: 1px solid #c1c1c1; margin: 10px 25px; padding: 0px; resize: none;\">\n\t\t\t\t<\/textarea>\n\t\t\t<\/div>\n\t\t<\/div>\n\t<\/div>\n<\/noscript>\n<\/div>\n<\/div>\n<div class=\"third-part-form left w33 min-w-230\">\n<div class=\"third-part-content\">\n<label><strong>Env\u00eda<\/strong> un mensaje a<br><\/label><br \/>\n<label><input type=\"submit\" value=\"Enviar\" class=\"wpcf7-form-control wpcf7-submit\" \/><\/label><\/p>\n<\/div>\n<\/div>\n<\/div>\n<div class=\"wpcf7-response-output wpcf7-display-none\"><\/div><\/form><\/div><\/div>\n\t\t<\/div><\/div><\/div><\/div>","protected":false},"excerpt":{"rendered":"<p>Todos los campos marcados con * son obligatorios.<\/p>\n","protected":false},"author":1,"featured_media":0,"parent":0,"menu_order":0,"comment_status":"closed","ping_status":"closed","template":"","meta":{"_monsterinsights_skip_tracking":false,"_monsterinsights_sitenote_active":false,"_monsterinsights_sitenote_note":"","_monsterinsights_sitenote_category":0,"footnotes":""},"class_list":["post-94233","page","type-page","status-publish","hentry"],"_links":{"self":[{"href":"https:\/\/www.aprotec.fr\/es\/wp-json\/wp\/v2\/pages\/94233","targetHints":{"allow":["GET"]}}],"collection":[{"href":"https:\/\/www.aprotec.fr\/es\/wp-json\/wp\/v2\/pages"}],"about":[{"href":"https:\/\/www.aprotec.fr\/es\/wp-json\/wp\/v2\/types\/page"}],"author":[{"embeddable":true,"href":"https:\/\/www.aprotec.fr\/es\/wp-json\/wp\/v2\/users\/1"}],"replies":[{"embeddable":true,"href":"https:\/\/www.aprotec.fr\/es\/wp-json\/wp\/v2\/comments?post=94233"}],"version-history":[{"count":0,"href":"https:\/\/www.aprotec.fr\/es\/wp-json\/wp\/v2\/pages\/94233\/revisions"}],"wp:attachment":[{"href":"https:\/\/www.aprotec.fr\/es\/wp-json\/wp\/v2\/media?parent=94233"}],"curies":[{"name":"wp","href":"https:\/\/api.w.org\/{rel}","templated":true}]}}