{"id":94263,"date":"2018-03-22T19:02:27","date_gmt":"2018-03-22T18:02:27","guid":{"rendered":"https:\/\/www.aprotec.fr\/nuestros-productos-de-competicion\/"},"modified":"2018-03-22T19:02:27","modified_gmt":"2018-03-22T18:02:27","slug":"nuestros-productos-de-competicion","status":"publish","type":"page","link":"https:\/\/www.aprotec.fr\/es\/nuestros-productos-de-competicion\/","title":{"rendered":"Nuestros productos de competici\u00f3n"},"content":{"rendered":"<div id=\"pl-94263\"  class=\"panel-layout\" ><div id=\"pg-94263-0\"  class=\"panel-grid panel-no-style\" ><div id=\"pgc-94263-0-0\"  class=\"panel-grid-cell\" ><div id=\"panel-94263-0-0-0\" class=\"so-panel widget widget_sow-editor panel-first-child panel-last-child\" data-index=\"0\" ><div\n\t\t\t\n\t\t\tclass=\"so-widget-sow-editor so-widget-sow-editor-base\"\n\t\t\t\n\t\t>\n<div class=\"siteorigin-widget-tinymce textwidget\">\n\t<h1>Nuestra gama de paquetes V.H.<\/h1>\n<h2>\"Veh\u00edculos hist\u00f3ricos<\/h2>\n<p><strong><img loading=\"lazy\" decoding=\"async\" class=\"aligncenter wp-image-2519 size-full\" src=\"\/wp-content\/uploads\/2018\/03\/Renault_Alpine.png\" alt=\"Renault_Alpine\" width=\"486\" height=\"264\" srcset=\"https:\/\/www.aprotec.fr\/wp-content\/uploads\/2018\/03\/Renault_Alpine.png 486w, https:\/\/www.aprotec.fr\/wp-content\/uploads\/2018\/03\/Renault_Alpine-300x163.png 300w\" sizes=\"auto, (max-width: 486px) 100vw, 486px\" \/><\/strong><\/p>\n<p><strong>Nuestra gama de conjuntos \"Veh\u00edculo Hist\u00f3rico Camisas \/ pistones completos \"Veh\u00edculos Hist\u00f3ricos\" (bulones, clips y segmentos) bajo la marca de distribuci\u00f3n ALCRON SPORT Evolution, gama de pistones de fundici\u00f3n de aluminio y camisas de fundici\u00f3n Std, generalmente para remontajes \"Originales\".<\/strong><br \/>Se suministra en una caja espec\u00edfica para esta marca de distribuci\u00f3n.<\/p>\n<\/div>\n<\/div><\/div><\/div><div id=\"pgc-94263-0-1\"  class=\"panel-grid-cell\" ><div id=\"panel-94263-0-1-0\" class=\"so-panel widget widget_sow-editor panel-first-child panel-last-child\" data-index=\"1\" ><div\n\t\t\t\n\t\t\tclass=\"so-widget-sow-editor so-widget-sow-editor-base\"\n\t\t\t\n\t\t>\n<div class=\"siteorigin-widget-tinymce textwidget\">\n\t<h1>Nuestra gama de kits V.H.C.<\/h1>\n<h2>\"Veh\u00edculos hist\u00f3ricos de competici\u00f3n<\/h2>\n<p><img loading=\"lazy\" decoding=\"async\" class=\"aligncenter wp-image-2522\" src=\"\/wp-content\/uploads\/2018\/03\/shutterstock_321421238.png\" alt=\"shutterstock_321421238\" width=\"600\" height=\"168\" srcset=\"https:\/\/www.aprotec.fr\/wp-content\/uploads\/2018\/03\/shutterstock_321421238.png 486w, https:\/\/www.aprotec.fr\/wp-content\/uploads\/2018\/03\/shutterstock_321421238-300x84.png 300w\" sizes=\"auto, (max-width: 600px) 100vw, 600px\" \/><\/p>\n<p><strong>Pistones forjados de la gama V.H.C. \"V\u00e9hicules Historiques Comp\u00e9tition\" de la marca ALCRON SPORT Racing, mecanizado 100% franc\u00e9s, gama de pistones de aluminio forjado y camisas GS de fundici\u00f3n, generalmente para un montaje \"Racing\".  <\/strong><\/p>\n<p>Se suministra en una caja espec\u00edfica para esta marca. En la gama Racing, se fabrican camisas GS de hierro fundido (norma Din GGG70) para bloques forrados o forrables. Las aplicaciones son para todo tipo de motores atmosf\u00e9ricos y turbo, dedicados a motores de alto rendimiento, y hasta la fecha todav\u00eda no hemos encontrado los l\u00edmites t\u00e9cnicos de este material excepcional, ni en el uso de camisas h\u00famedas ni secas.<\/p>\n<p>Tambi\u00e9n fabricamos estas camisas para instalarlas en bloques de todo tipo de motores de alta y baja cilindrada o contempor\u00e1neos. Tambi\u00e9n hemos desarrollado una gama de camisas GS para bloques de motor espec\u00edficos, como los motores PEUGEOT XU10J4S S2000 y R5 Turbo, que han ganado numerosos campeonatos de Francia y de subida de cuestas.<\/p>\n<\/div>\n<\/div><\/div><\/div><\/div><\/div>","protected":false},"excerpt":{"rendered":"<p>Nuestra gama de paquetes V.H.\u00bbVeh\u00edculos hist\u00f3ricosNuestra gama de conjuntos \u00abVeh\u00edculo Hist\u00f3rico Camisas \/ pistones completos \u00abVeh\u00edculos Hist\u00f3ricos\u00bb (bulones, clips y segmentos) bajo la marca de distribuci\u00f3n ALCRON SPORT Evolution, gama de pistones de fundici\u00f3n de aluminio y camisas de fundici\u00f3n Std, generalmente para remontajes \u00abOriginales\u00bb.Se suministra en una caja espec\u00edfica para esta marca de distribuci\u00f3n.<\/p>\n","protected":false},"author":1,"featured_media":0,"parent":0,"menu_order":0,"comment_status":"closed","ping_status":"closed","template":"competition-product-search.php","meta":{"_monsterinsights_skip_tracking":false,"_monsterinsights_sitenote_active":false,"_monsterinsights_sitenote_note":"","_monsterinsights_sitenote_category":0,"footnotes":""},"class_list":["post-94263","page","type-page","status-publish","hentry"],"_links":{"self":[{"href":"https:\/\/www.aprotec.fr\/es\/wp-json\/wp\/v2\/pages\/94263","targetHints":{"allow":["GET"]}}],"collection":[{"href":"https:\/\/www.aprotec.fr\/es\/wp-json\/wp\/v2\/pages"}],"about":[{"href":"https:\/\/www.aprotec.fr\/es\/wp-json\/wp\/v2\/types\/page"}],"author":[{"embeddable":true,"href":"https:\/\/www.aprotec.fr\/es\/wp-json\/wp\/v2\/users\/1"}],"replies":[{"embeddable":true,"href":"https:\/\/www.aprotec.fr\/es\/wp-json\/wp\/v2\/comments?post=94263"}],"version-history":[{"count":0,"href":"https:\/\/www.aprotec.fr\/es\/wp-json\/wp\/v2\/pages\/94263\/revisions"}],"wp:attachment":[{"href":"https:\/\/www.aprotec.fr\/es\/wp-json\/wp\/v2\/media?parent=94263"}],"curies":[{"name":"wp","href":"https:\/\/api.w.org\/{rel}","templated":true}]}}