{"id":94566,"date":"2017-06-07T16:57:20","date_gmt":"2017-06-07T15:57:20","guid":{"rendered":"https:\/\/www.aprotec.fr\/nuestros-catalogos\/"},"modified":"2025-08-12T09:10:37","modified_gmt":"2025-08-12T08:10:37","slug":"nuestros-catalogos","status":"publish","type":"page","link":"https:\/\/www.aprotec.fr\/es\/nuestros-catalogos\/","title":{"rendered":"Nuestros cat\u00e1logos"},"content":{"rendered":"<div id=\"pl-94566\"  class=\"panel-layout\" ><div id=\"pg-94566-0\"  class=\"panel-grid panel-no-style\" ><div id=\"pgc-94566-0-0\"  class=\"panel-grid-cell\" ><div id=\"panel-94566-0-0-0\" class=\"so-panel widget widget_sow-editor panel-first-child panel-last-child\" data-index=\"0\" ><div class=\"page-title panel-widget-style panel-widget-style-for-94566-0-0-0\" ><div\n\t\t\t\n\t\t\tclass=\"so-widget-sow-editor so-widget-sow-editor-base\"\n\t\t\t\n\t\t>\n<div class=\"siteorigin-widget-tinymce textwidget\">\n\t<h1>Consulta nuestros cat\u00e1logos.<\/h1>\n<\/div>\n<\/div><\/div><\/div><\/div><\/div><div id=\"pg-94566-1\"  class=\"panel-grid panel-has-style\" ><div id=\"nos-catalogues\" class=\"panel-row-style panel-row-style-for-94566-1\" ><div id=\"pgc-94566-1-0\"  class=\"panel-grid-cell\" ><div id=\"panel-94566-1-0-0\" class=\"so-panel widget widget_text panel-first-child panel-last-child\" data-index=\"1\" >\t\t\t<div class=\"textwidget\"><h2>Pistones<\/h2>\n<p class=\"mb0 yellow\">Cat\u00e1logo general por marca<\/p>\n<select onchange=\"if(this.value!=-1) window.open(this.value)\" name=\"select2\" id=\"SelectEurop\" class=\"liste_deroul_devis\">\n  <option selected value=\"-1\">Selecciona el cat\u00e1logo  <\/option>\n  <option value=\"http:\/\/www.aprotec.fr\/wp-content\/uploads\/2017\/03\/Aprotec-Catalogue-A.pdf\">Marca de A a B<\/option>\n  <option value=\"http:\/\/www.aprotec.fr\/wp-content\/uploads\/2017\/03\/Aprotec-Catalogue-B.pdf\">Marca de B a C<\/option>\n  <option value=\"http:\/\/www.aprotec.fr\/wp-content\/uploads\/2017\/03\/Aprotec-Catalogue-C.pdf\">Marca de C a D<\/option>\n  <option value=\"http:\/\/www.aprotec.fr\/wp-content\/uploads\/2017\/03\/Aprotec-Catalogue-D.pdf\">Marca de D a E<\/option>\n  <option value=\"http:\/\/www.aprotec.fr\/wp-content\/uploads\/2017\/03\/Aprotec-Catalogue-E.pdf\">Marca de E a F<\/option>\n  <option value=\"http:\/\/www.aprotec.fr\/wp-content\/uploads\/2017\/03\/Aprotec-Catalogue-F-I.pdf\">Marca de F a G<\/option>\n  <option value=\"http:\/\/www.aprotec.fr\/wp-content\/uploads\/2017\/03\/Aprotec-Catalogue-G.pdf\">Marca de la G a la I<\/option>\n  <option value=\"http:\/\/www.aprotec.fr\/wp-content\/uploads\/2017\/03\/Aprotec-Catalogue-H.pdf\">Marca I a J<\/option>\n  <option value=\"http:\/\/www.aprotec.fr\/wp-content\/uploads\/2017\/03\/Aprotec-Catalogue-I.pdf\">Marca I a J<\/option>\n  <option value=\"http:\/\/www.aprotec.fr\/wp-content\/uploads\/2017\/03\/Aprotec-Catalogue-J.pdf\">Marca de J a K<\/option>\n  <option value=\"http:\/\/www.aprotec.fr\/wp-content\/uploads\/2017\/03\/Aprotec-Catalogue-K.pdf\">Marca de la K a la L<\/option>\n  <option value=\"http:\/\/www.aprotec.fr\/wp-content\/uploads\/2017\/03\/Aprotec-Catalogue-L.pdf\">Marca L a M<\/option>\n  <option value=\"http:\/\/www.aprotec.fr\/wp-content\/uploads\/2017\/03\/Aprotec-Catalogue-M.pdf\">Marca de M a N<\/option>\n  <option value=\"http:\/\/www.aprotec.fr\/wp-content\/uploads\/2017\/03\/Aprotec-Catalogue-N.pdf\">Marca de N a O<\/option>\n  <option value=\"http:\/\/www.aprotec.fr\/wp-content\/uploads\/2017\/03\/Aprotec-Catalogue-O.pdf\">Marca de O a P<\/option>\n  <option value=\"http:\/\/www.aprotec.fr\/wp-content\/uploads\/2017\/03\/Aprotec-Catalogue-P.pdf\">Marca P a R<\/option>\n  <option value=\"http:\/\/www.aprotec.fr\/wp-content\/uploads\/2017\/03\/Aprotec-Catalogue-R.pdf\">Marca de R a S<\/option>\n  <option value=\"http:\/\/www.aprotec.fr\/wp-content\/uploads\/2017\/03\/Aprotec-Catalogue-S.pdf\">Marca de S a T<\/option>\n  <option value=\"http:\/\/www.aprotec.fr\/wp-content\/uploads\/2017\/03\/Aprotec-Catalogue-T.pdf\">Marca de T a V<\/option>\n  <option value=\"http:\/\/www.aprotec.fr\/wp-content\/uploads\/2017\/03\/Aprotec-Catalogue-V.pdf\">Marca de V a w<\/option>\n <option value=\"http:\/\/www.aprotec.fr\/wp-content\/uploads\/2017\/03\/Aprotec-Catalogue-W.pdf\">Marca de W a z<\/option>\n  <option value=\"http:\/\/www.aprotec.fr\/wp-content\/uploads\/2017\/03\/Aprotec-Catalogue-Z.pdf\">Marca Z<\/option>\n<\/select>\n<p class=\"mb0 yellow\">Cat\u00e1logo de pistones<\/p>\n<select onchange=\"if(this.value!=-1) window.open(this.value)\" name=\"select2\" id=\"SelectEurop\" class=\"liste_deroul_devis\">\n  <option selected value=\"-1\">Selecciona el cat\u00e1logo <\/option>\n  <option value=\"http:\/\/www.aprotec.fr\/wp-content\/uploads\/2018\/04\/Catalogue-Pistons-Recherche-par-Marques.pdf\">Por marca<\/option>\n  <option value=\"http:\/\/www.aprotec.fr\/wp-content\/uploads\/2018\/04\/Catalogue-Pistons-Recherche-par-Cotes-.pdf\">Por dimensiones<\/option>\n<\/select>\n<h2>Almohadillas<\/h2>\n<p class=\"mb0 yellow\">Almohadillas<\/p>\n              <select onchange=\"if(this.value!=-1)  window.open(this.value)\" name=\"select3\" id=\"SelectCoussinet\" class=\"liste_deroul_devis\">\n                 <option value=\"-1\">&gt;&gt; Cat\u00e1logos <\/option>\n                <option value=\"http:\/\/www.aprotec.fr\/wp-content\/uploads\/2016\/03\/AP08_coussinets.pdf\">APROTEC.CEE Rodamientos por Marcas<\/option>\n                <option value=\"http:\/\/www.aprotec.fr\/wp-content\/uploads\/2016\/03\/cous08_jap.pdf\">Rodamientos JAPONESES<\/option>\n              <\/select>\n<\/p><\/div>\n\t\t<\/div><\/div><div id=\"pgc-94566-1-1\"  class=\"panel-grid-cell\" ><div id=\"panel-94566-1-1-0\" class=\"so-panel widget widget_text panel-first-child panel-last-child\" data-index=\"2\" >\t\t\t<div class=\"textwidget\"><h2>Segmentos<\/h2>\n<p class=\"mb0 yellow\">Europea<\/p>\n<select onchange=\"if(this.value!=-1) window.open(this.value)\" name=\"select2\" id=\"SelectEurop\" class=\"liste_deroul_devis\">\n  <option selected value=\"-1\">Selecciona el cat\u00e1logo  <\/option>\n  <option value=\"http:\/\/www.aprotec.fr\/wp-content\/uploads\/2015\/06\/alfa-romeo.pdf\">ALFA-ROMEO<\/option>\n  <option value=\"http:\/\/www.aprotec.fr\/wp-content\/uploads\/2015\/06\/avia-daewoo.pdf\">AVIA-DAEWOO<\/option>\n  <option value=\"http:\/\/www.aprotec.fr\/wp-content\/uploads\/2015\/06\/baudouin.pdf\">BAUDOUIN<\/option>\n  <option value=\"http:\/\/www.aprotec.fr\/wp-content\/uploads\/2015\/06\/bedford.pdf\">BEDFORD<\/option>\n  <option value=\"http:\/\/www.aprotec.fr\/wp-content\/uploads\/2015\/06\/berliet.pdf\">BERLIET<\/option>\n  <option value=\"http:\/\/www.aprotec.fr\/wp-content\/uploads\/2015\/06\/blmc.pdf\">BLMC<\/option>\n  <option value=\"http:\/\/www.aprotec.fr\/wp-content\/uploads\/2015\/06\/bmw.pdf\">BMW-MOTORRAD<\/option>\n  <option value=\"http:\/\/www.aprotec.fr\/wp-content\/uploads\/2015\/06\/borgward.pdf\">BORGWARD<\/option>\n  <option value=\"http:\/\/www.aprotec.fr\/wp-content\/uploads\/2015\/06\/bosch.pdf\">BOSCH<\/option>\n  <option value=\"http:\/\/www.aprotec.fr\/wp-content\/uploads\/2015\/06\/case.pdf\">CASO<\/option>\n  <option value=\"http:\/\/www.aprotec.fr\/wp-content\/uploads\/2015\/06\/caterpillar.pdf\">CATERPILLAR<\/option>\n  <option value=\"http:\/\/www.aprotec.fr\/wp-content\/uploads\/2015\/06\/chrysler.pdf\">CHRYSLER<\/option>\n  <option value=\"http:\/\/www.aprotec.fr\/wp-content\/uploads\/2015\/06\/citroen.pdf\">CITROEN<\/option>\n  <option value=\"http:\/\/www.aprotec.fr\/wp-content\/uploads\/2015\/06\/cummins.pdf\">CUMMINS<\/option>\n  <option value=\"http:\/\/www.aprotec.fr\/wp-content\/uploads\/2015\/06\/dacia.pdf\">DACIA<\/option>\n  <option value=\"http:\/\/www.aprotec.fr\/wp-content\/uploads\/2015\/06\/daewoo.pdf\">DAEWOO<\/option>\n  <option value=\"http:\/\/www.aprotec.fr\/wp-content\/uploads\/2015\/06\/daf.pdf\">DAF<\/option>\n  <option value=\"http:\/\/www.aprotec.fr\/wp-content\/uploads\/2015\/06\/daimler-benz.pdf\">DAIMLER-BENZ<\/option>\n  <option value=\"http:\/\/www.aprotec.fr\/wp-content\/uploads\/2015\/06\/david-brown.pdf\">DAVID-BROWN<\/option>\n  <option value=\"http:\/\/www.aprotec.fr\/wp-content\/uploads\/2015\/06\/deutz.pdf\">DEUTZ<\/option>\n  <option value=\"http:\/\/www.aprotec.fr\/wp-content\/uploads\/2015\/06\/eicher.pdf\">EICHER<\/option>\n  <option value=\"http:\/\/www.aprotec.fr\/wp-content\/uploads\/2015\/06\/fap-famos.pdf\">FAP-FAMOS<\/option>\n  <option value=\"http:\/\/www.aprotec.fr\/wp-content\/uploads\/2015\/06\/fiat-iveco.pdf\">FIAT-IVECO<\/option>\n  <option value=\"http:\/\/www.aprotec.fr\/wp-content\/uploads\/2015\/06\/ford.pdf\">FORD<\/option>\n  <option value=\"http:\/\/www.aprotec.fr\/wp-content\/uploads\/2015\/06\/fordson.pdf\">FORDSON<\/option>\n  <option value=\"http:\/\/www.aprotec.fr\/wp-content\/uploads\/2015\/06\/ga3-wolga.pdf\">GA3-WOLGA<\/option>\n  <option value=\"http:\/\/www.aprotec.fr\/wp-content\/uploads\/2015\/06\/guascor.pdf\">GUASCOR<\/option>\n  <option value=\"http:\/\/www.aprotec.fr\/wp-content\/uploads\/2015\/06\/guldner.pdf\">G\u00dcLDNER<\/option>\n  <option value=\"http:\/\/www.aprotec.fr\/wp-content\/uploads\/2015\/06\/hanomag.pdf\">HANOMAG<\/option>\n  <option value=\"http:\/\/www.aprotec.fr\/wp-content\/uploads\/2015\/06\/hatz.pdf\">HATZ<\/option>\n  <option value=\"http:\/\/www.aprotec.fr\/wp-content\/uploads\/2015\/06\/henschel.pdf\">HENSCHEL<\/option>\n  <option value=\"http:\/\/www.aprotec.fr\/wp-content\/uploads\/2015\/06\/hyundai.pdf\">HYUNDAI<\/option>\n  <option value=\"http:\/\/www.aprotec.fr\/wp-content\/uploads\/2015\/06\/ifa.pdf\">IFA<\/option>\n  <option value=\"http:\/\/www.aprotec.fr\/wp-content\/uploads\/2015\/06\/ihc.pdf\">IHC<\/option>\n  <option value=\"http:\/\/www.aprotec.fr\/wp-content\/uploads\/2015\/06\/iveco.pdf\">IVECO<\/option>\n  <option value=\"http:\/\/www.aprotec.fr\/wp-content\/uploads\/2015\/06\/jaguar.pdf\">JAGUAR<\/option>\n  <option value=\"http:\/\/www.aprotec.fr\/wp-content\/uploads\/2015\/06\/john-deere.pdf\">JOHN-DEERE<\/option>\n  <option value=\"http:\/\/www.aprotec.fr\/wp-content\/uploads\/2015\/06\/kama.pdf\">KAMA<\/option>\n  <option value=\"http:\/\/www.aprotec.fr\/wp-content\/uploads\/2015\/06\/khd.pdf\">KHD<\/option>\n  <option value=\"http:\/\/www.aprotec.fr\/wp-content\/uploads\/2015\/06\/kia.pdf\">KIA<\/option>\n  <option value=\"http:\/\/www.aprotec.fr\/wp-content\/uploads\/2015\/06\/lada.pdf\">LADA<\/option>\n  <option value=\"http:\/\/www.aprotec.fr\/wp-content\/uploads\/2015\/06\/lamborghini.pdf\">LAMBORGHINI<\/option>\n  <option value=\"http:\/\/www.aprotec.fr\/wp-content\/uploads\/2015\/06\/lancia.pdf\">LANCIA<\/option>\n  <option value=\"http:\/\/www.aprotec.fr\/wp-content\/uploads\/2015\/06\/land-rover.pdf\">LAND-ROVER<\/option>\n  <option value=\"http:\/\/www.aprotec.fr\/wp-content\/uploads\/2015\/06\/leyland.pdf\">LAYLAND<\/option>\n  <option value=\"http:\/\/www.aprotec.fr\/wp-content\/uploads\/2015\/06\/liaz.pdf\">LIAZ<\/option>\n  <option value=\"http:\/\/www.aprotec.fr\/wp-content\/uploads\/2015\/06\/liebherr.pdf\">LIEBHERR<\/option>\n  <option value=\"http:\/\/www.aprotec.fr\/wp-content\/uploads\/2015\/06\/lister.pdf\">LISTA<\/option>\n  <option value=\"http:\/\/www.aprotec.fr\/wp-content\/uploads\/2015\/06\/lombardini.pdf\">LOMBARDINI<\/option>\n  <option value=\"http:\/\/www.aprotec.fr\/wp-content\/uploads\/2015\/06\/lotus.pdf\">LOTUS<\/option>\n  <option value=\"http:\/\/www.aprotec.fr\/wp-content\/uploads\/2015\/06\/magirus-deutz.pdf\">MAGIRUS-DEUTZ<\/option>\n  <option value=\"http:\/\/www.aprotec.fr\/wp-content\/uploads\/2015\/06\/malcotsis.pdf\">MALCOTSIS<\/option>\n  <option value=\"http:\/\/www.aprotec.fr\/wp-content\/uploads\/2015\/06\/man.pdf\">HOMBRE<\/option>\n  <option value=\"http:\/\/www.aprotec.fr\/wp-content\/uploads\/2015\/06\/massey-ferguson.pdf\">MASSEY-FERGUSON<\/option>\n  <option value=\"http:\/\/www.aprotec.fr\/wp-content\/uploads\/2015\/06\/mcc.pdf\">MCC<\/option>\n  <option value=\"http:\/\/www.aprotec.fr\/wp-content\/uploads\/2015\/06\/mercedes-benz.pdf\">MERCEDES-BENZ<\/option>\n  <option value=\"http:\/\/www.aprotec.fr\/wp-content\/uploads\/2015\/06\/minsker.pdf\">MINSKER<\/option>\n  <option value=\"http:\/\/www.aprotec.fr\/wp-content\/uploads\/2015\/06\/morris.pdf\">MORRIS<\/option>\n  <option value=\"http:\/\/www.aprotec.fr\/wp-content\/uploads\/2015\/06\/moskvitch.pdf\">MOSKVITCH<\/option>\n  <option value=\"http:\/\/www.aprotec.fr\/wp-content\/uploads\/2015\/06\/mvm.pdf\">MVM<\/option>\n  <option value=\"http:\/\/www.aprotec.fr\/wp-content\/uploads\/2015\/06\/new-holland.pdf\">NEW-HOLLAND<\/option>\n  <option value=\"http:\/\/www.aprotec.fr\/wp-content\/uploads\/2015\/06\/nsu.pdf\">NSU<\/option>\n  <option value=\"http:\/\/www.aprotec.fr\/wp-content\/uploads\/2015\/06\/opel.pdf\">OPEL<\/option>\n  <option value=\"http:\/\/www.aprotec.fr\/wp-content\/uploads\/2015\/06\/pegaso.pdf\">PEGASO<\/option>\n  <option value=\"http:\/\/www.aprotec.fr\/wp-content\/uploads\/2015\/06\/perkins.pdf\">PERKINS<\/option>\n  <option value=\"http:\/\/www.aprotec.fr\/wp-content\/uploads\/2015\/06\/petter.pdf\">PETTER<\/option>\n  <option value=\"http:\/\/www.aprotec.fr\/wp-content\/uploads\/2015\/06\/peugeot.pdf\">PEUGEOT<\/option>\n  <option value=\"http:\/\/www.aprotec.fr\/wp-content\/uploads\/2015\/06\/peykan.pdf\">PEYKAN<\/option>\n  <option value=\"http:\/\/www.aprotec.fr\/wp-content\/uploads\/2015\/06\/polski-fiat.pdf\">POLSKI-FIAT<\/option>\n  <option value=\"http:\/\/www.aprotec.fr\/wp-content\/uploads\/2015\/06\/porsche.pdf\">PORSCHE<\/option>\n  <option value=\"http:\/\/www.aprotec.fr\/wp-content\/uploads\/2015\/06\/raba.pdf\">RABA<\/option>\n  <option value=\"http:\/\/www.aprotec.fr\/wp-content\/uploads\/2015\/06\/renault.pdf\">RENAULT<\/option>\n  <option value=\"http:\/\/www.aprotec.fr\/wp-content\/uploads\/2015\/06\/renault-tractor.pdf\">RENAULT-TRACTOR<\/option>\n  <option value=\"http:\/\/www.aprotec.fr\/wp-content\/uploads\/2015\/06\/renault-truck.pdf\">RENAULT-TRUCK<\/option>\n  <option value=\"http:\/\/www.aprotec.fr\/wp-content\/uploads\/2015\/06\/roman.pdf\">ROMANO<\/option>\n  <option value=\"http:\/\/www.aprotec.fr\/wp-content\/uploads\/2015\/06\/romania.pdf\">RUMAN\u00cdA<\/option>\n  <option value=\"http:\/\/www.aprotec.fr\/wp-content\/uploads\/2015\/06\/rover.pdf\">ROVER<\/option>\n  <option value=\"http:\/\/www.aprotec.fr\/wp-content\/uploads\/2015\/06\/ruggerini.pdf\">RUGGERINI<\/option>\n  <option value=\"http:\/\/www.aprotec.fr\/wp-content\/uploads\/2015\/06\/rvi.pdf\">RVI<\/option>\n  <option value=\"http:\/\/www.aprotec.fr\/wp-content\/uploads\/2015\/06\/saab.pdf\">SAAB<\/option>\n  <option value=\"http:\/\/www.aprotec.fr\/wp-content\/uploads\/2015\/06\/same.pdf\">MISMO<\/option>\n  <option value=\"http:\/\/www.aprotec.fr\/wp-content\/uploads\/2015\/06\/saviem.pdf\">SAVIEM<\/option>\n  <option value=\"http:\/\/www.aprotec.fr\/wp-content\/uploads\/2015\/06\/scania.pdf\">SCANIA<\/option>\n  <option value=\"http:\/\/www.aprotec.fr\/wp-content\/uploads\/2015\/06\/seat.pdf\">SEAT<\/option>\n  <option value=\"http:\/\/www.aprotec.fr\/wp-content\/uploads\/2015\/06\/simca.pdf\">SIMCA<\/option>\n  <option value=\"http:\/\/www.aprotec.fr\/wp-content\/uploads\/2015\/06\/skoda.pdf\">SKODA<\/option>\n  <option value=\"http:\/\/www.aprotec.fr\/wp-content\/uploads\/2015\/06\/slanzi.pdf\">SLANZI<\/option>\n  <option value=\"http:\/\/www.aprotec.fr\/wp-content\/uploads\/2015\/06\/smart.pdf\">SMART<\/option>\n  <option value=\"http:\/\/www.aprotec.fr\/wp-content\/uploads\/2015\/06\/steyr.pdf\">STEYR<\/option>\n  <option value=\"http:\/\/www.aprotec.fr\/wp-content\/uploads\/2015\/06\/talbot.pdf\">TALBOT<\/option>\n  <option value=\"http:\/\/www.aprotec.fr\/wp-content\/uploads\/2015\/06\/tatra.pdf\">TATRA<\/option>\n  <option value=\"http:\/\/www.aprotec.fr\/wp-content\/uploads\/2015\/06\/ursus.pdf\">URSUS<\/option>\n  <option value=\"http:\/\/www.aprotec.fr\/wp-content\/uploads\/2015\/06\/utb.pdf\">UTB<\/option>\n  <option value=\"http:\/\/www.aprotec.fr\/wp-content\/uploads\/2015\/06\/vauxhall.pdf\">VAUXHALL<\/option>\n  <option value=\"http:\/\/www.aprotec.fr\/wp-content\/uploads\/2015\/06\/vm.pdf\">VM<\/option>\n  <option value=\"http:\/\/www.aprotec.fr\/wp-content\/uploads\/2015\/06\/volkswagen.pdf\">VOLKSWAGEN<\/option>\n  <option value=\"http:\/\/www.aprotec.fr\/wp-content\/uploads\/2015\/06\/volvo.pdf\">VOLVO-PENTA-BM<\/option>\n  <option value=\"http:\/\/www.aprotec.fr\/wp-content\/uploads\/2015\/06\/westinghouse.pdf\">WESTINGHOUSE<\/option>\n  <option value=\"http:\/\/www.aprotec.fr\/wp-content\/uploads\/2015\/06\/wolga.pdf\">WOLGA<\/option>\n<\/select>\n<\/p>\n\n<p class=\"mb0 yellow\">Japon\u00e9s<\/p>\n<select onchange=\"if(this.value!=-1) window.open(this.value)\" name=\"select\" id=\"SelectJapon\" class=\"liste_deroul_devis\">\n  <option selected value=\"-1\">Selecciona el cat\u00e1logo  <\/option>\n  <option value=\"http:\/\/www.aprotec.fr\/wp-content\/uploads\/2015\/06\/daihatsu.pdf\">DAIHATSU<\/option>\n  <option value=\"http:\/\/www.aprotec.fr\/wp-content\/uploads\/2015\/06\/hino.pdf\">HINO<\/option>\n  <option value=\"http:\/\/www.aprotec.fr\/wp-content\/uploads\/2015\/06\/honda.pdf\">HONDA<\/option>\n  <option value=\"catalogues\/segments euro\/daewoo.pdf\">DAEWOO<\/option>\n  <option value=\"http:\/\/www.aprotec.fr\/wp-content\/uploads\/2015\/06\/isuzu.pdf\">ISUZU<\/option>\n  <option value=\"http:\/\/www.aprotec.fr\/wp-content\/uploads\/2015\/06\/komatsu.pdf\">KOMATSU<\/option>\n  <option value=\"http:\/\/www.aprotec.fr\/wp-content\/uploads\/2015\/06\/mazda.pdf\">MAZDA<\/option>\n  <option value=\"http:\/\/www.aprotec.fr\/wp-content\/uploads\/2015\/06\/mitsubishi.pdf\">MITSUBISHI<\/option>\n  <option value=\"http:\/\/www.aprotec.fr\/wp-content\/uploads\/2015\/06\/nissan.pdf\">NISSAN<\/option>\n  <option value=\"http:\/\/www.aprotec.fr\/wp-content\/uploads\/2015\/06\/subaru.pdf\">SUBARU<\/option>\n  <option value=\"http:\/\/www.aprotec.fr\/wp-content\/uploads\/2015\/06\/suzuki.pdf\">SUSUKI<\/option>\n  <option value=\"http:\/\/www.aprotec.fr\/wp-content\/uploads\/2015\/06\/toyota.pdf\">TOYOTA<\/option>\n<\/select>\n<\/p>\n<p class=\"mb0 yellow\">Compresores<\/p>\n<select onchange=\"if(this.value!=-1) window.open(this.value)\" name=\"select3\" id=\"SelectComp\" class=\"liste_deroul_devis\">\n  <option selected value=\"-1\">Selecciona el cat\u00e1logo <\/option>\n  <option value=\"http:\/\/www.aprotec.fr\/wp-content\/uploads\/2015\/06\/air-compressor.pdf\">SEGMENTOS DEL COMPRESOR<\/option>\n<\/select>\n<\/p><\/div>\n\t\t<\/div><\/div><\/div><\/div><\/div>","protected":false},"excerpt":{"rendered":"<p>Consulta nuestros cat\u00e1logos. Pistones Cat\u00e1logo general por marca Selecciona el cat\u00e1logo Marca de A a B Marca de B a C Marca de C a D Marca de D a E Marca de E a F Marca de F a G Marca de la G a la I Marca I a J Marca I a [&hellip;]<\/p>\n","protected":false},"author":1,"featured_media":0,"parent":0,"menu_order":0,"comment_status":"closed","ping_status":"closed","template":"","meta":{"_monsterinsights_skip_tracking":false,"_monsterinsights_sitenote_active":false,"_monsterinsights_sitenote_note":"","_monsterinsights_sitenote_category":0,"footnotes":""},"class_list":["post-94566","page","type-page","status-publish","hentry"],"_links":{"self":[{"href":"https:\/\/www.aprotec.fr\/es\/wp-json\/wp\/v2\/pages\/94566","targetHints":{"allow":["GET"]}}],"collection":[{"href":"https:\/\/www.aprotec.fr\/es\/wp-json\/wp\/v2\/pages"}],"about":[{"href":"https:\/\/www.aprotec.fr\/es\/wp-json\/wp\/v2\/types\/page"}],"author":[{"embeddable":true,"href":"https:\/\/www.aprotec.fr\/es\/wp-json\/wp\/v2\/users\/1"}],"replies":[{"embeddable":true,"href":"https:\/\/www.aprotec.fr\/es\/wp-json\/wp\/v2\/comments?post=94566"}],"version-history":[{"count":1,"href":"https:\/\/www.aprotec.fr\/es\/wp-json\/wp\/v2\/pages\/94566\/revisions"}],"predecessor-version":[{"id":94567,"href":"https:\/\/www.aprotec.fr\/es\/wp-json\/wp\/v2\/pages\/94566\/revisions\/94567"}],"wp:attachment":[{"href":"https:\/\/www.aprotec.fr\/es\/wp-json\/wp\/v2\/media?parent=94566"}],"curies":[{"name":"wp","href":"https:\/\/api.w.org\/{rel}","templated":true}]}}