{"id":83766,"date":"2015-06-10T11:53:15","date_gmt":"2015-06-10T10:53:15","guid":{"rendered":"https:\/\/www.aprotec.fr\/veicoli-retro\/"},"modified":"2025-07-29T10:35:36","modified_gmt":"2025-07-29T09:35:36","slug":"veicoli-retro","status":"publish","type":"page","link":"https:\/\/www.aprotec.fr\/it\/veicoli-retro\/","title":{"rendered":"Veicoli retr\u00f2"},"content":{"rendered":"<div id=\"pl-83766\"  class=\"panel-layout\" ><div id=\"pg-83766-0\"  class=\"panel-grid panel-no-style\" ><div id=\"pgc-83766-0-0\"  class=\"panel-grid-cell\" ><div id=\"panel-83766-0-0-0\" class=\"so-panel widget widget_sow-editor panel-first-child panel-last-child\" data-index=\"0\" ><div\n\t\t\t\n\t\t\tclass=\"so-widget-sow-editor so-widget-sow-editor-base\"\n\t\t\t\n\t\t>\n<div class=\"siteorigin-widget-tinymce textwidget\">\n\t<p>Avendo rilevato gli impianti industriali e commerciali di BRETILLE PISTON, APROTEC \u00e8 ora l'unica azienda sul mercato francese in grado di offrirti una gamma cos\u00ec ampia, in particolare di pistoni per <strong>auto d'epoca<\/strong> e <strong>veicoli retr\u00f2<\/strong> (auto, moto, ecc.).<\/p>\n<p>Grazie a una vasta gamma di utensili adattati a ogni tipo di pistone, siamo in grado di fornire pezzi il pi\u00f9 possibile simili al peso dei prodotti di primo impianto. Possiamo farti una proposta anche se la tua richiesta non riguarda un prodotto standard presente in magazzino. Infatti, le nostre unit\u00e0 produttive sono state strutturate per essere in grado di riprodurre i tuoi pezzi secondo un progetto o un modello, sia per la <strong>ristrutturazione<\/strong> che per lo <strong>sviluppo<\/strong> (prototipo).<\/p>\n<p>Simca, Talbot, Renault, Citro\u00ebn, Peugeot, Alpine, Gordini, Matra... dove puoi trovare parti di motore per queste auto d'epoca costruite prima o dopo la guerra? Il nostro team di vendita effettuer\u00e0 queste ricerche per te, per tutti questi veicoli retr\u00f2 o marche francesi scomparse. Naturalmente, le referenze offerte coprono sia i veicoli di serie che quelli che hanno fatto la fama dei marchi nelle competizioni VHC fino ad oggi.<\/p>\n<\/div>\n<\/div><\/div><\/div><div id=\"pgc-83766-0-1\"  class=\"panel-grid-cell\" ><div id=\"panel-83766-0-1-0\" class=\"so-panel widget widget_sow-image panel-first-child panel-last-child\" data-index=\"1\" ><div\n\t\t\t\n\t\t\tclass=\"so-widget-sow-image so-widget-sow-image-default-dbf295114b96-83766\"\n\t\t\t\n\t\t>\n<div class=\"sow-image-container\">\n\t\t<img \n\tsrc=\"https:\/\/www.aprotec.fr\/wp-content\/uploads\/2015\/06\/produit-retro_031.jpg\" width=\"481\" height=\"300\" srcset=\"https:\/\/www.aprotec.fr\/wp-content\/uploads\/2015\/06\/produit-retro_031.jpg 481w, https:\/\/www.aprotec.fr\/wp-content\/uploads\/2015\/06\/produit-retro_031-300x187.jpg 300w\" sizes=\"(max-width: 481px) 100vw, 481px\" title=\"produit-retro_03\" alt=\"\" \t\tclass=\"so-widget-image\"\/>\n\t<\/div>\n\n<\/div><\/div><\/div><\/div><\/div>","protected":false},"excerpt":{"rendered":"<p>Avendo rilevato gli impianti industriali e commerciali di BRETILLE PISTON, APROTEC \u00e8 ora l&#8217;unica azienda sul mercato francese in grado di offrirti una gamma cos\u00ec ampia, in particolare di pistoni per auto d&#8217;epoca e veicoli retr\u00f2 (auto, moto, ecc.).Grazie a una vasta gamma di utensili adattati a ogni tipo di pistone, siamo in grado di [&hellip;]<\/p>\n","protected":false},"author":1,"featured_media":78365,"parent":0,"menu_order":0,"comment_status":"closed","ping_status":"closed","template":"","meta":{"_monsterinsights_skip_tracking":false,"_monsterinsights_sitenote_active":false,"_monsterinsights_sitenote_note":"","_monsterinsights_sitenote_category":0,"footnotes":""},"class_list":["post-83766","page","type-page","status-publish","has-post-thumbnail","hentry"],"_links":{"self":[{"href":"https:\/\/www.aprotec.fr\/it\/wp-json\/wp\/v2\/pages\/83766","targetHints":{"allow":["GET"]}}],"collection":[{"href":"https:\/\/www.aprotec.fr\/it\/wp-json\/wp\/v2\/pages"}],"about":[{"href":"https:\/\/www.aprotec.fr\/it\/wp-json\/wp\/v2\/types\/page"}],"author":[{"embeddable":true,"href":"https:\/\/www.aprotec.fr\/it\/wp-json\/wp\/v2\/users\/1"}],"replies":[{"embeddable":true,"href":"https:\/\/www.aprotec.fr\/it\/wp-json\/wp\/v2\/comments?post=83766"}],"version-history":[{"count":1,"href":"https:\/\/www.aprotec.fr\/it\/wp-json\/wp\/v2\/pages\/83766\/revisions"}],"predecessor-version":[{"id":94204,"href":"https:\/\/www.aprotec.fr\/it\/wp-json\/wp\/v2\/pages\/83766\/revisions\/94204"}],"wp:featuredmedia":[{"embeddable":true,"href":"https:\/\/www.aprotec.fr\/it\/wp-json\/wp\/v2\/media\/78365"}],"wp:attachment":[{"href":"https:\/\/www.aprotec.fr\/it\/wp-json\/wp\/v2\/media?parent=83766"}],"curies":[{"name":"wp","href":"https:\/\/api.w.org\/{rel}","templated":true}]}}