{"id":94211,"date":"2015-05-28T15:35:03","date_gmt":"2015-05-28T14:35:03","guid":{"rendered":"https:\/\/www.aprotec.fr\/la-nostra-storia\/"},"modified":"2015-05-28T15:35:03","modified_gmt":"2015-05-28T14:35:03","slug":"la-nostra-storia","status":"publish","type":"page","link":"https:\/\/www.aprotec.fr\/it\/la-nostra-storia\/","title":{"rendered":"La nostra storia"},"content":{"rendered":"<h2>C&#8217;\u00e8 sempre una soluzione per l&#8217;irrisolvibile<\/h2>\n<p>&#8220;Dal 1960, BRETILLE Piston fa battere il cuore dei motori di auto e moto. Grazie alla nostra esperienza su misura, oggi siamo il punto di riferimento per pistoni, anelli, valvole e parti correlate.<\/p>\n<h2>Marzo 2004: creazione di APROTEC SARL<\/h2>\n<p>Un obiettivo: rilevare i marchi creati negli anni &#8217;50, BRETILLE Piston e FRANCE Piston. In questa occasione, APROTEC France ha acquisito una struttura industriale e commerciale con un&#8217;esperienza di poco pi\u00f9 di mezzo secolo nella produzione e distribuzione di componenti tecnici.<\/p>\n<p>La nostra attivit\u00e0 principale \u00e8 la <strong>produzione su misura<\/strong> di <strong>pistoni<\/strong>, <strong>canne<\/strong>, <strong>anelli<\/strong> e <strong>cuscinetti<\/strong> per motori a 2 e 4 tempi diesel, a benzina e per compressori.<\/p>\n<h2>2004: APROTEC Francia stringe alleanze<\/h2>\n<p>Abbiamo dovuto rapidamente ridimensionare e specializzare le nostre unit\u00e0 produttive per soddisfare le aspettative dei nostri clienti. Ecco perch\u00e9 abbiamo creato un&#8217;unit\u00e0 a Grenoble dedicata alla <strong>produzione di prototipi<\/strong> e <strong>pezzi singoli<\/strong>. Allo stesso tempo, abbiamo trasferito la nostra produzione principale &#8211; <strong>fusione di alluminio<\/strong> e <strong>lavorazione<\/strong> di piccole serie da 10 a 250 pezzi &#8211; al nostro primo partner in Europa. Allo stesso tempo, tutta la produzione per l&#8217;aftermarket e l&#8217;industria \u00e8 stata affidata a un secondo partner.<\/p>\n<p>Da allora queste due alleanze si sono rafforzate sempre di pi\u00f9. Molto rapidamente, abbiamo dovuto circondarci di numerosi subappaltatori per soddisfare le numerose richieste dei nostri clienti, spesso in aree altamente specializzate che richiedono competenze e know-how specifici, come la produzione di valvole, guarnizioni, alberi a camme o trattamenti superficiali.<\/p>\n<h5><\/h5>\n","protected":false},"excerpt":{"rendered":"<p>C&#8217;\u00e8 sempre una soluzione per l&#8217;irrisolvibile &#8220;Dal 1960, BRETILLE Piston fa battere il cuore dei motori di auto e moto. Grazie alla nostra esperienza su misura, oggi siamo il punto di riferimento per pistoni, anelli, valvole e parti correlate. Marzo 2004: creazione di APROTEC SARL Un obiettivo: rilevare i marchi creati negli anni &#8217;50, BRETILLE [&hellip;]<\/p>\n","protected":false},"author":1,"featured_media":0,"parent":0,"menu_order":0,"comment_status":"closed","ping_status":"closed","template":"","meta":{"_monsterinsights_skip_tracking":false,"_monsterinsights_sitenote_active":false,"_monsterinsights_sitenote_note":"","_monsterinsights_sitenote_category":0,"footnotes":""},"class_list":["post-94211","page","type-page","status-publish","hentry"],"_links":{"self":[{"href":"https:\/\/www.aprotec.fr\/it\/wp-json\/wp\/v2\/pages\/94211","targetHints":{"allow":["GET"]}}],"collection":[{"href":"https:\/\/www.aprotec.fr\/it\/wp-json\/wp\/v2\/pages"}],"about":[{"href":"https:\/\/www.aprotec.fr\/it\/wp-json\/wp\/v2\/types\/page"}],"author":[{"embeddable":true,"href":"https:\/\/www.aprotec.fr\/it\/wp-json\/wp\/v2\/users\/1"}],"replies":[{"embeddable":true,"href":"https:\/\/www.aprotec.fr\/it\/wp-json\/wp\/v2\/comments?post=94211"}],"version-history":[{"count":0,"href":"https:\/\/www.aprotec.fr\/it\/wp-json\/wp\/v2\/pages\/94211\/revisions"}],"wp:attachment":[{"href":"https:\/\/www.aprotec.fr\/it\/wp-json\/wp\/v2\/media?parent=94211"}],"curies":[{"name":"wp","href":"https:\/\/api.w.org\/{rel}","templated":true}]}}